{"id":23,"date":"2025-02-05T07:54:53","date_gmt":"2025-02-05T07:54:53","guid":{"rendered":"https:\/\/connect-sap.de\/home\/"},"modified":"2025-02-27T13:59:08","modified_gmt":"2025-02-27T13:59:08","slug":"home","status":"publish","type":"page","link":"https:\/\/connect-sap.de\/en\/","title":{"rendered":"Home"},"content":{"rendered":"<section>\n                        <img decoding=\"async\" src=\"https:\/\/connect-sap.de\/wp-content\/uploads\/2025\/02\/saphana.png\" alt=\"SAP Business One\"><br \/>\n                        <img decoding=\"async\" src=\"https:\/\/connect-sap.de\/wp-content\/uploads\/2025\/02\/sap-partner-edge.png\" alt=\"SAP Business One\"><\/p>\n<h1>Certified add-ons, plugins and extensions for SAP Business One.<\/h1>\n<p>                    <a href=\"javaScript:void(0)\" data-bs-toggle=\"modal\" data-bs-target=\"#request_demo_modal\">Kostenlose Demo<\/a><br \/>\n                    <img decoding=\"async\" src=\"https:\/\/connect-sap.de\/wp-content\/uploads\/2025\/02\/sap-banner.png\" alt=\"SAP Business One\"><br \/>\n<\/section>\n<section>\n            <img decoding=\"async\" src=\"https:\/\/connect-sap.de\/wp-content\/uploads\/2025\/02\/SAP_certified.png\" alt=\"SAP Business One\"><br \/>\n            <img decoding=\"async\" src=\"https:\/\/connect-sap.de\/wp-content\/uploads\/2025\/02\/sap-partner-edge.png\" alt=\"SAP Business One\"><\/p>\n<h2>SAP Business One Add-ons <br \/>f\u00fcr SQL und HANA ab Version 9.3<\/h2>\n<p>                    <img decoding=\"async\" src=\"https:\/\/connect-sap.de\/wp-content\/uploads\/2025\/02\/multibank-icon.png\"><\/p>\n<h4>Multibanking Add-on<\/h4>\n<ul>\n<li>digitale Dokumentenarchivierung<\/li>\n<li>E-Rechnungserstellung<\/li>\n<\/ul>\n<p>Das speziell f\u00fcr europ\u00e4ische Banken entwickelte Multibank Add-on erm\u00f6glicht den Zugriff auf mehrere Online-Banking-Konten, die Durchf\u00fchrung von SEPA-\u00dcberweisungen und -Lastschriften \u00fcber SAP Business One und das automatisierte Einlesen von Kontoausz\u00fcgen.<\/p>\n<p>                            <a href=\"#\"><\/a><br \/>\n                    <img decoding=\"async\" src=\"https:\/\/connect-sap.de\/wp-content\/uploads\/2025\/02\/dms-icon.png\"><\/p>\n<h4>DMS und E-Rechnung Add-on<\/h4>\n<ul>\n<li>digitale Dokumentenarchivierung<\/li>\n<li>E-Rechnungserstellung<\/li>\n<\/ul>\n<p>Das speziell f\u00fcr europ\u00e4ische Banken entwickelte Multibank Add-on erm\u00f6glicht den Zugriff auf mehrere Online-Banking-Konten, die Durchf\u00fchrung von SEPA-\u00dcberweisungen und -Lastschriften \u00fcber SAP Business One und das automatisierte Einlesen von Kontoausz\u00fcgen.<\/p>\n<p>                            <a href=\"#\"><\/a><br \/>\n                    <img decoding=\"async\" src=\"https:\/\/connect-sap.de\/wp-content\/uploads\/2025\/02\/ecommerce-icon.png\"><\/p>\n<h4>E-Commerce Add-on<\/h4>\n<ul>\n<li>Onlineshop-Anbindung<\/li>\n<li>Echtzeit-Synchronisation<\/li>\n<\/ul>\n<p>Das speziell f\u00fcr europ\u00e4ische Banken entwickelte Multibank Add-on erm\u00f6glicht den Zugriff auf mehrere Online-Banking-Konten, die Durchf\u00fchrung von SEPA-\u00dcberweisungen und -Lastschriften \u00fcber SAP Business One und das automatisierte Einlesen von Kontoausz\u00fcgen.<\/p>\n<p>                            <a href=\"#\"><\/a><br \/>\n                    <img decoding=\"async\" src=\"https:\/\/connect-sap.de\/wp-content\/uploads\/2025\/02\/shipment-icon.png\"><\/p>\n<h4>Shipment Add-on<\/h4>\n<ul>\n<li>Versanddienstleister-Anbindung<\/li>\n<li>Verwaltung von Versandinformationen<\/li>\n<\/ul>\n<p>Das speziell f\u00fcr europ\u00e4ische Banken entwickelte Multibank Add-on erm\u00f6glicht den Zugriff auf mehrere Online-Banking-Konten, die Durchf\u00fchrung von SEPA-\u00dcberweisungen und -Lastschriften \u00fcber SAP Business One und das automatisierte Einlesen von Kontoausz\u00fcgen.<\/p>\n<p>                            <a href=\"#\"><\/a><br \/>\n                    <img decoding=\"async\" src=\"https:\/\/connect-sap.de\/wp-content\/uploads\/2025\/02\/newsletter-icon.png\"><\/p>\n<h4>Newsletter Add-on<\/h4>\n<ul>\n<li>Versand von E-Mails<\/li>\n<li>Erstellung individueller Vorlagen<\/li>\n<\/ul>\n<p>Das speziell f\u00fcr europ\u00e4ische Banken entwickelte Multibank Add-on erm\u00f6glicht den Zugriff auf mehrere Online-Banking-Konten, die Durchf\u00fchrung von SEPA-\u00dcberweisungen und -Lastschriften \u00fcber SAP Business One und das automatisierte Einlesen von Kontoausz\u00fcgen.<\/p>\n<p>                            <a href=\"#\"><\/a><br \/>\n                    <img decoding=\"async\" src=\"https:\/\/connect-sap.de\/wp-content\/uploads\/2025\/02\/contact-managemnet-icon.png\"><\/p>\n<h4>Contract Management Add-on<\/h4>\n<ul>\n<li>Vertragsmanagement<\/li>\n<li>Pflege von Lieferanten- und Kundenvertr\u00e4gen<\/li>\n<\/ul>\n<p>Das speziell f\u00fcr europ\u00e4ische Banken entwickelte Multibank Add-on erm\u00f6glicht den Zugriff auf mehrere Online-Banking-Konten, die Durchf\u00fchrung von SEPA-\u00dcberweisungen und -Lastschriften \u00fcber SAP Business One und das automatisierte Einlesen von Kontoausz\u00fcgen.<\/p>\n<p>                            <a href=\"#\"><\/a><br \/>\n                    <img decoding=\"async\" src=\"https:\/\/connect-sap.de\/wp-content\/uploads\/2025\/02\/finance-icon.png\"><\/p>\n<h4>EU FinanceSuite Add-on<\/h4>\n<ul>\n<li>Validierung von USt-IdNrn<\/li>\n<li>Aktualisierung von Wechselkursen<\/li>\n<li>Verwaltung von SWIFT\/IBAN-Daten<\/li>\n<\/ul>\n<p>Das speziell f\u00fcr europ\u00e4ische Banken entwickelte Multibank Add-on erm\u00f6glicht den Zugriff auf mehrere Online-Banking-Konten, die Durchf\u00fchrung von SEPA-\u00dcberweisungen und -Lastschriften \u00fcber SAP Business One und das automatisierte Einlesen von Kontoausz\u00fcgen.<\/p>\n<p>                            <a href=\"#\"><\/a><br \/>\n                    <img decoding=\"async\" src=\"https:\/\/connect-sap.de\/wp-content\/uploads\/2025\/02\/credit-safe-icon.png\"><\/p>\n<h4>Creditsafe Add-on<\/h4>\n<ul>\n<li>Minimierung von Kreditrisiken<\/li>\n<li>Direkte Creditsafe-Schnittstelle<\/li>\n<\/ul>\n<p>Das speziell f\u00fcr europ\u00e4ische Banken entwickelte Multibank Add-on erm\u00f6glicht den Zugriff auf mehrere Online-Banking-Konten, die Durchf\u00fchrung von SEPA-\u00dcberweisungen und -Lastschriften \u00fcber SAP Business One und das automatisierte Einlesen von Kontoausz\u00fcgen.<\/p>\n<p>                            <a href=\"#\"><\/a><br \/>\n            <a href=\"javaScript:void(0)\" data-bs-toggle=\"modal\" data-bs-target=\"#request_demo_modal\">Kostenlose Demo erhalten<\/a><br \/>\n            <a href=\"javaScript:void(0)\" data-bs-toggle=\"modal\" data-bs-target=\"#request_pdf_modal\">PDF-Pr\u00e4sentation herunterladen<\/a><br \/>\n<\/section>\n<section>\n<h2>Direkte Integration mit SAP Business One<\/h2>\n<p>                <img decoding=\"async\" src=\"https:\/\/connect-sap.de\/wp-content\/uploads\/2025\/02\/sap-logo-white-1.png\"><br \/>\n                <a href=\"#\" style=\"background-color:#f26322;\"><br \/>\n                    <img decoding=\"async\" src=\"https:\/\/connect-sap.de\/wp-content\/uploads\/2025\/02\/magento-logo.svg\"><br \/>\n                <\/a><br \/>\n                <a href=\"#\" style=\"background-color:#95bf47;\"><br \/>\n                    <img decoding=\"async\" src=\"https:\/\/connect-sap.de\/wp-content\/uploads\/2025\/02\/shopify-logo.svg\"><br \/>\n                <\/a><br \/>\n                <a href=\"#\" style=\"background-color:#7f54b3;\"><br \/>\n                    <img decoding=\"async\" src=\"https:\/\/connect-sap.de\/wp-content\/uploads\/2025\/02\/woocommerce-logo.svg\"><br \/>\n                <\/a><br \/>\n                <a href=\"#\" style=\"background-color:#189eff;\"><br \/>\n                    <img decoding=\"async\" src=\"https:\/\/connect-sap.de\/wp-content\/uploads\/2025\/02\/shopware-logo.svg\"><br \/>\n                <\/a><br \/>\n                <a href=\"#\" style=\"background-color:#0b996e;\"><br \/>\n                    <img decoding=\"async\" src=\"https:\/\/connect-sap.de\/wp-content\/uploads\/2025\/02\/brevo-logo.svg\"><br \/>\n                <\/a><br \/>\n                <a href=\"#\" style=\"background-color:#fecc00;\"><br \/>\n                    <img decoding=\"async\" src=\"https:\/\/connect-sap.de\/wp-content\/uploads\/2025\/02\/dhl-logo.svg\"><br \/>\n                <\/a><br \/>\n                <a href=\"#\" style=\"background-color:#301506;\"><br \/>\n                    <img decoding=\"async\" src=\"https:\/\/connect-sap.de\/wp-content\/uploads\/2025\/02\/ups-logo.svg\"><br \/>\n                <\/a><br \/>\n                <a href=\"#\" style=\"background-color:#ee2e24;\"><br \/>\n                    <img decoding=\"async\" src=\"https:\/\/connect-sap.de\/wp-content\/uploads\/2025\/02\/creditsafe-logo.svg\"><br \/>\n                <\/a><br \/>\n                <a href=\"#\" style=\"background-color:#272727;\"><br \/>\n                    <img decoding=\"async\" src=\"https:\/\/connect-sap.de\/wp-content\/uploads\/2025\/02\/mailchimp-logo.svg\"><br \/>\n                <\/a><br \/>\n<\/section>\n<section>\n<h2>Mehr aus Ihrem <br \/>SAP Business One <br \/>herausholen!<\/h2>\n<h4>Sind Sie ein SAP-Partner?<\/h4>\n<p>Wir freuen uns, Sie in unser Partnerprogramm aufzunehmen und unterst\u00fctzen Sie gerne bei Ihrem Kundenprojekt.<\/p>\n<h4>Sind sie ein SAP-Nutzer?<\/h4>\n<p>Fragen Sie Ihren SAP-Partner nach unseren Add-ons, die schnell und einfach in Ihre SAP Business One Umgebung integriert werden k\u00f6nnen.<\/p>\n<p><video muted loop autoplay preload=\"none\"><source src=\"https:\/\/connect-sap.de\/wp-content\/uploads\/2025\/02\/Ingold-Multibank-Add-on-German.mp4\" type='video\/mp4' \/><\/video><br \/>\n<\/section>\n<section>\n<p>Wie k\u00f6nnen wir helfen?<\/p>\n<p>                <a href=\"javaScript:void(0)\" data-bs-toggle=\"modal\" data-bs-target=\"#request_demo_modal1\"> Demo-Link anfordern<\/a><br \/>\n                <a href=\"javaScript:void(0)\" data-bs-toggle=\"modal\" data-bs-target=\"#request_demo_modal2\"> Kostenlose Beratung buchen<\/a><br \/>\n                <a href=\"javaScript:void(0)\" data-bs-toggle=\"modal\" data-bs-target=\"#request_demo_modal3\"> SBO gratis testen<\/a><br \/>\n<\/section>\n<section>\n<h2>SAP-zertifizierte L\u00f6sungen<\/h2>\n<p>Als offizieller SAP PartnerEdge Build Partner bieten wir spezialisierte Erweiterungen, Expertise und zuverl\u00e4ssigen Support.<\/p>\n<p>               <img decoding=\"async\" src=\"https:\/\/connect-sap.de\/wp-content\/uploads\/2025\/02\/sap-partner-edge.png\"><br \/>\n<\/section>\n<section>\n                    <img decoding=\"async\" src=\"https:\/\/connect-sap.de\/wp-content\/uploads\/2025\/02\/testimony-one.png\" alt=\"Zertifizierte L\u00f6sung\"><\/p>\n<h4>Unsere L\u00f6sungen auf SAP Certified Solutions Directory<\/h4>\n<p>                    <a href=\"https:\/\/www.sap.com\/dmc\/exp\/2013_09_adpd\/enEN\/#\/solutions?search=ingold\" target=\"_blank\">Jetzt ansehen<\/a><br \/>\n                    <img decoding=\"async\" src=\"https:\/\/connect-sap.de\/wp-content\/uploads\/2025\/02\/testimony-3.png\" alt=\"Zertifizierte L\u00f6sung\"><\/p>\n<h4>Unsere Add-ons im offiziellen SAP Store<\/h4>\n<p>                    <a href=\"#\">Store besuchen<\/a><br \/>\n<\/section>\n<section>\n<h2>Schnelle und einfache Integration<\/h2>\n<p>Implementierung direkt in SAP Business One, ohne den Einsatz von Middleware-Schnittstellen.<\/p>\n<h4>Sicher zu<\/h4>\n<h2>100%<\/h2>\n<p>Zertifizierte Add-ons f\u00fcr maximale Effizienz.<\/p>\n<h4>Leistungsf\u00e4hig zu<\/h4>\n<h2>100%<\/h2>\n<p>Unsere Add-ons bew\u00e4ltigen hohe Datenvolumen mit Leichtigkeit.<\/p>\n<h4>Anpassbar zu<\/h4>\n<h2>100%<\/h2>\n<p>Individualisierung und Personalisierung jederzeit m\u00f6glich.<\/p>\n<h4>Erfahren zu<\/h4>\n<h2>100%<\/h2>\n<p>Profitieren Sie von unserer langj\u00e4hrigen Expertise.<\/p>\n<p>        <a href=\"#\">Unverbindlich anfragen<\/a><br \/>\n<\/section>\n","protected":false},"excerpt":{"rendered":"<p>Certified add-ons, plugins and extensions for SAP Business One. Kostenlose Demo SAP Business One Add-ons f\u00fcr SQL und HANA ab Version 9.3 Multibanking Add-on digitale Dokumentenarchivierung E-Rechnungserstellung Das speziell f\u00fcr europ\u00e4ische Banken entwickelte Multibank Add-on erm\u00f6glicht den Zugriff auf mehrere Online-Banking-Konten, die Durchf\u00fchrung von SEPA-\u00dcberweisungen und -Lastschriften \u00fcber SAP Business One und das automatisierte Einlesen [&hellip;]<\/p>\n","protected":false},"author":1,"featured_media":0,"parent":0,"menu_order":0,"comment_status":"closed","ping_status":"closed","template":"template-custom-theme.php","meta":{"inline_featured_image":false,"footnotes":""},"class_list":["post-23","page","type-page","status-publish","hentry"],"yoast_head":"<!-- This site is optimized with the Yoast SEO plugin v27.5 - https:\/\/yoast.com\/product\/yoast-seo-wordpress\/ -->\n<title>Home - sapaddons<\/title>\n<meta name=\"robots\" content=\"index, follow, max-snippet:-1, max-image-preview:large, max-video-preview:-1\" \/>\n<link rel=\"canonical\" href=\"https:\/\/connect-sap.de\/en\/\" \/>\n<meta property=\"og:locale\" content=\"en_US\" \/>\n<meta property=\"og:type\" content=\"article\" \/>\n<meta property=\"og:title\" content=\"Home - sapaddons\" \/>\n<meta property=\"og:description\" content=\"Certified add-ons, plugins and extensions for SAP Business One. Kostenlose Demo SAP Business One Add-ons f\u00fcr SQL und HANA ab Version 9.3 Multibanking Add-on digitale Dokumentenarchivierung E-Rechnungserstellung Das speziell f\u00fcr europ\u00e4ische Banken entwickelte Multibank Add-on erm\u00f6glicht den Zugriff auf mehrere Online-Banking-Konten, die Durchf\u00fchrung von SEPA-\u00dcberweisungen und -Lastschriften \u00fcber SAP Business One und das automatisierte Einlesen [&hellip;]\" \/>\n<meta property=\"og:url\" content=\"https:\/\/connect-sap.de\/en\/\" \/>\n<meta property=\"og:site_name\" content=\"sapaddons\" \/>\n<meta property=\"article:modified_time\" content=\"2025-02-27T13:59:08+00:00\" \/>\n<meta property=\"og:image\" content=\"https:\/\/connect-sap.de\/wp-content\/uploads\/2025\/02\/saphana.png\" \/>\n<meta name=\"twitter:card\" content=\"summary_large_image\" \/>\n<meta name=\"twitter:label1\" content=\"Est. reading time\" \/>\n\t<meta name=\"twitter:data1\" content=\"3 minutes\" \/>\n<script type=\"application\/ld+json\" class=\"yoast-schema-graph\">{\"@context\":\"https:\\\/\\\/schema.org\",\"@graph\":[{\"@type\":\"WebPage\",\"@id\":\"https:\\\/\\\/connect-sap.de\\\/en\\\/\",\"url\":\"https:\\\/\\\/connect-sap.de\\\/en\\\/\",\"name\":\"Home - sapaddons\",\"isPartOf\":{\"@id\":\"https:\\\/\\\/connect-sap.de\\\/en\\\/#website\"},\"primaryImageOfPage\":{\"@id\":\"https:\\\/\\\/connect-sap.de\\\/en\\\/#primaryimage\"},\"image\":{\"@id\":\"https:\\\/\\\/connect-sap.de\\\/en\\\/#primaryimage\"},\"thumbnailUrl\":\"https:\\\/\\\/connect-sap.de\\\/wp-content\\\/uploads\\\/2025\\\/02\\\/saphana.png\",\"datePublished\":\"2025-02-05T07:54:53+00:00\",\"dateModified\":\"2025-02-27T13:59:08+00:00\",\"breadcrumb\":{\"@id\":\"https:\\\/\\\/connect-sap.de\\\/en\\\/#breadcrumb\"},\"inLanguage\":\"en-US\",\"potentialAction\":[{\"@type\":\"ReadAction\",\"target\":[\"https:\\\/\\\/connect-sap.de\\\/en\\\/\"]}]},{\"@type\":\"ImageObject\",\"inLanguage\":\"en-US\",\"@id\":\"https:\\\/\\\/connect-sap.de\\\/en\\\/#primaryimage\",\"url\":\"https:\\\/\\\/connect-sap.de\\\/wp-content\\\/uploads\\\/2025\\\/02\\\/saphana.png\",\"contentUrl\":\"https:\\\/\\\/connect-sap.de\\\/wp-content\\\/uploads\\\/2025\\\/02\\\/saphana.png\"},{\"@type\":\"BreadcrumbList\",\"@id\":\"https:\\\/\\\/connect-sap.de\\\/en\\\/#breadcrumb\",\"itemListElement\":[{\"@type\":\"ListItem\",\"position\":1,\"name\":\"Startseite\",\"item\":\"https:\\\/\\\/connect-sap.de\\\/en\\\/home\\\/\"},{\"@type\":\"ListItem\",\"position\":2,\"name\":\"Home\"}]},{\"@type\":\"WebSite\",\"@id\":\"https:\\\/\\\/connect-sap.de\\\/en\\\/#website\",\"url\":\"https:\\\/\\\/connect-sap.de\\\/en\\\/\",\"name\":\"sapaddons\",\"description\":\"\",\"potentialAction\":[{\"@type\":\"SearchAction\",\"target\":{\"@type\":\"EntryPoint\",\"urlTemplate\":\"https:\\\/\\\/connect-sap.de\\\/en\\\/?s={search_term_string}\"},\"query-input\":{\"@type\":\"PropertyValueSpecification\",\"valueRequired\":true,\"valueName\":\"search_term_string\"}}],\"inLanguage\":\"en-US\"}]}<\/script>\n<!-- \/ Yoast SEO plugin. -->","yoast_head_json":{"title":"Home - sapaddons","robots":{"index":"index","follow":"follow","max-snippet":"max-snippet:-1","max-image-preview":"max-image-preview:large","max-video-preview":"max-video-preview:-1"},"canonical":"https:\/\/connect-sap.de\/en\/","og_locale":"en_US","og_type":"article","og_title":"Home - sapaddons","og_description":"Certified add-ons, plugins and extensions for SAP Business One. Kostenlose Demo SAP Business One Add-ons f\u00fcr SQL und HANA ab Version 9.3 Multibanking Add-on digitale Dokumentenarchivierung E-Rechnungserstellung Das speziell f\u00fcr europ\u00e4ische Banken entwickelte Multibank Add-on erm\u00f6glicht den Zugriff auf mehrere Online-Banking-Konten, die Durchf\u00fchrung von SEPA-\u00dcberweisungen und -Lastschriften \u00fcber SAP Business One und das automatisierte Einlesen [&hellip;]","og_url":"https:\/\/connect-sap.de\/en\/","og_site_name":"sapaddons","article_modified_time":"2025-02-27T13:59:08+00:00","og_image":[{"url":"https:\/\/connect-sap.de\/wp-content\/uploads\/2025\/02\/saphana.png","type":"","width":"","height":""}],"twitter_card":"summary_large_image","twitter_misc":{"Est. reading time":"3 minutes"},"schema":{"@context":"https:\/\/schema.org","@graph":[{"@type":"WebPage","@id":"https:\/\/connect-sap.de\/en\/","url":"https:\/\/connect-sap.de\/en\/","name":"Home - sapaddons","isPartOf":{"@id":"https:\/\/connect-sap.de\/en\/#website"},"primaryImageOfPage":{"@id":"https:\/\/connect-sap.de\/en\/#primaryimage"},"image":{"@id":"https:\/\/connect-sap.de\/en\/#primaryimage"},"thumbnailUrl":"https:\/\/connect-sap.de\/wp-content\/uploads\/2025\/02\/saphana.png","datePublished":"2025-02-05T07:54:53+00:00","dateModified":"2025-02-27T13:59:08+00:00","breadcrumb":{"@id":"https:\/\/connect-sap.de\/en\/#breadcrumb"},"inLanguage":"en-US","potentialAction":[{"@type":"ReadAction","target":["https:\/\/connect-sap.de\/en\/"]}]},{"@type":"ImageObject","inLanguage":"en-US","@id":"https:\/\/connect-sap.de\/en\/#primaryimage","url":"https:\/\/connect-sap.de\/wp-content\/uploads\/2025\/02\/saphana.png","contentUrl":"https:\/\/connect-sap.de\/wp-content\/uploads\/2025\/02\/saphana.png"},{"@type":"BreadcrumbList","@id":"https:\/\/connect-sap.de\/en\/#breadcrumb","itemListElement":[{"@type":"ListItem","position":1,"name":"Startseite","item":"https:\/\/connect-sap.de\/en\/home\/"},{"@type":"ListItem","position":2,"name":"Home"}]},{"@type":"WebSite","@id":"https:\/\/connect-sap.de\/en\/#website","url":"https:\/\/connect-sap.de\/en\/","name":"sapaddons","description":"","potentialAction":[{"@type":"SearchAction","target":{"@type":"EntryPoint","urlTemplate":"https:\/\/connect-sap.de\/en\/?s={search_term_string}"},"query-input":{"@type":"PropertyValueSpecification","valueRequired":true,"valueName":"search_term_string"}}],"inLanguage":"en-US"}]}},"_links":{"self":[{"href":"https:\/\/connect-sap.de\/en\/wp-json\/wp\/v2\/pages\/23","targetHints":{"allow":["GET"]}}],"collection":[{"href":"https:\/\/connect-sap.de\/en\/wp-json\/wp\/v2\/pages"}],"about":[{"href":"https:\/\/connect-sap.de\/en\/wp-json\/wp\/v2\/types\/page"}],"author":[{"embeddable":true,"href":"https:\/\/connect-sap.de\/en\/wp-json\/wp\/v2\/users\/1"}],"replies":[{"embeddable":true,"href":"https:\/\/connect-sap.de\/en\/wp-json\/wp\/v2\/comments?post=23"}],"version-history":[{"count":33,"href":"https:\/\/connect-sap.de\/en\/wp-json\/wp\/v2\/pages\/23\/revisions"}],"predecessor-version":[{"id":1140,"href":"https:\/\/connect-sap.de\/en\/wp-json\/wp\/v2\/pages\/23\/revisions\/1140"}],"wp:attachment":[{"href":"https:\/\/connect-sap.de\/en\/wp-json\/wp\/v2\/media?parent=23"}],"curies":[{"name":"wp","href":"https:\/\/api.w.org\/{rel}","templated":true}]}}