{"id":29,"date":"2025-02-05T07:55:29","date_gmt":"2025-02-05T07:55:29","guid":{"rendered":"https:\/\/connect-sap.de\/ecommerce\/"},"modified":"2025-02-27T12:55:39","modified_gmt":"2025-02-27T12:55:39","slug":"ecommerce","status":"publish","type":"page","link":"https:\/\/connect-sap.de\/en\/ecommerce\/","title":{"rendered":"Ecommerce"},"content":{"rendered":"<section>\n                        <img decoding=\"async\" src=\"https:\/\/connect-sap.de\/wp-content\/uploads\/2025\/02\/ecommerce-icon-1.png\"><\/p>\n<h1>E-Commerce Add-on f\u00fcr SAP Business One<\/h1>\n<p>                        <a href=\"javaScript:void(0)\" data-bs-toggle=\"modal\"\n                                data-bs-target=\"#request_demo_modal\">Kostenlose Demo<\/a><\/p>\n<ul>\n<li>Onlineshop-Anbindung f\u00fcr Magento, Shopify, Shopware und WooCommerce<\/li>\n<li>Echtzeit-Synchronisation<\/li>\n<li>F\u00fcr SQL und HANA ab SBO Version 9.3<\/li>\n<li>Implementierung direkt in SAP Business One, ohne den Einsatz von<br \/>\n                                Middleware-Schnittstellen<\/li>\n<\/ul>\n<p>                            <img decoding=\"async\" src=\"https:\/\/connect-sap.de\/wp-content\/uploads\/2025\/02\/saphana.png\" alt=\"SAP Business One\"><br \/>\n                            <img decoding=\"async\" src=\"https:\/\/connect-sap.de\/wp-content\/uploads\/2025\/02\/sap-partner-edge.png\" alt=\"SAP Business One\"><\/p>\n<h4>Unsere Add-ons sind als Kaufoption (On-Premise) oder als Mietl\u00f6sung (Cloud) erh\u00e4ltlich \u2013<br \/>\n                            beide Optionen sind f\u00fcr jede SAP-Umgebung, ob lokal oder in der Cloud, verf\u00fcgbar.<\/h4>\n<h5>On-Premise Version E-Commerce Add-on f\u00fcr HANA oder SQL<\/h5>\n<table>\n<tr>\n<td>Unternehmenslizenz(eine Datenbank, ein Onlineshop)<\/td>\n<td>3.200 \u20ac einmalig<\/td>\n<\/tr>\n<tr>\n<td>Installationsgeb\u00fchren<\/td>\n<td>750 \u20ac einmalig<\/td>\n<\/tr>\n<tr>\n<td>Support und Wartung,Basierend auf dem Lizenzgesamtwert<\/td>\n<td>20% j\u00e4hrlich<\/td>\n<\/tr>\n<\/table>\n<h5>Cloud VersionE-Commerce Add-on f\u00fcr HANA oder SQL<\/h5>\n<table>\n<tr>\n<td>Unternehmenslizenz (eine Datenbank, ein Onlineshop)<\/td>\n<td>130 \u20ac monatlich<\/td>\n<\/tr>\n<tr>\n<td>Installationsgeb\u00fchren<\/td>\n<td>750 \u20ac einmalig<\/td>\n<\/tr>\n<tr>\n<td>Support und Wartung,Basierend auf dem Lizenzgesamtwert<\/td>\n<td><\/td>\n<\/tr>\n<\/table>\n<h4>Preisliste fur B2C und D2C Onlineshops. B2B Preisliste (nur fur Magento) auf Anfrage erh\u00e4ltlich.<\/h4>\n<p>                                <a href=\"javaScript:void(0)\" data-bs-toggle=\"modal\"\n                                    data-bs-target=\"#request_demo_modal\">Kostenlose Demo erhalten<\/a><br \/>\n                                <a href=\"javaScript:void(0)\" data-bs-toggle=\"modal\" data-bs-target=\"#request_pdf_modal\">PDF-Pr\u00e4sentation herunterladen<\/a><br \/>\n                <img decoding=\"async\" src=\"https:\/\/connect-sap.de\/wp-content\/uploads\/2025\/02\/SAP_certified.png\" alt=\"SAP Business One\"><br \/>\n                <img decoding=\"async\" src=\"https:\/\/connect-sap.de\/wp-content\/uploads\/2025\/02\/sap-partner-edge.png\" alt=\"SAP Business One\"><\/p>\n<h3>E-Commerce Add-on<\/h3>\n<p>Das Ingold E-Commerce Add-on sorgt f\u00fcr die Echtzeit-\u00dcbertragung und Synchronisation von Kunden-,<br \/>\n                    Bestell- und Artikeldaten zwischen Ihrem Onlineshop und SAP Business One. Das Add-on kann f\u00fcr einen<br \/>\n                    bestehenden Onlineshop implementiert oder als Teil der E-Commerce Suite &#8211; einer Komplettl\u00f6sung aus<br \/>\n                    SAP-Integration, Webshop und Hosting &#8211; direkt bei uns gebucht werden. Erg\u00e4nzend bieten wir auch eine<br \/>\n                    passende App an.<\/p>\n<\/section>\n<section>\n<h3>Unterst\u00fctzte E-Commerce-Plattformen:<\/h3>\n<p>                    <a href=\"#\"><br \/>\n                        <img decoding=\"async\" src=\"https:\/\/connect-sap.de\/wp-content\/uploads\/2025\/02\/magento.svg\"><br \/>\n                    <\/a><br \/>\n                    <a href=\"#\"><br \/>\n                        <img decoding=\"async\" src=\"https:\/\/connect-sap.de\/wp-content\/uploads\/2025\/02\/shopify-logo-black.svg\"><br \/>\n                    <\/a><br \/>\n                    <a href=\"#\"><br \/>\n                        <img decoding=\"async\" src=\"https:\/\/connect-sap.de\/wp-content\/uploads\/2025\/02\/woocommerce-logo-orginal.svg\"><br \/>\n                    <\/a><br \/>\n                    <a href=\"#\"><br \/>\n                        <img decoding=\"async\" src=\"https:\/\/connect-sap.de\/wp-content\/uploads\/2025\/02\/shopware_logo.svg\"><br \/>\n                    <\/a><br \/>\n    <\/section>\n<section>\n<h2>Sie haben bereits einen Onlineshop?<\/h2>\n<h4>Wir verbinden Ihre E-Commerce-Plattform direkt mit Ihrem SAP-System<\/h4>\n<p>                        <strong><\/p>\n<p>Ihr bestehender<\/p>\n<p>Webshop<\/p>\n<p>                        <\/strong><\/p>\n<p>Sie stellen uns die Zugangsdaten bereit,und wir \u00fcbernehmen den Rest.<\/p>\n<p>                        +<br \/>\n                        <strong><\/p>\n<p>E-Commerce Add-on f\u00fcr SAP<\/p>\n<p>Business One<\/p>\n<p>                        <\/strong><\/p>\n<p>Perfekt in Ihre SAP-Umgebung integriert,optimal an Ihren Onlineshop angebunden<br \/>\n                            und auf<br \/>\n                            Ihre Anforderungen abgestimmt.\n                        <\/p>\n<h2>Sie ben\u00f6tigen einen neuen Onlineshop?<\/h2>\n<h4>Unsere E-Commerce Suite f\u00fcr SAP Business One bietet Ihnen eine umfassende Komplettl\u00f6sung.<\/h4>\n<p>                        <strong><\/p>\n<p>Onlineshop<\/p>\n<p>                        <\/strong><\/p>\n<p>Entwickelt von unserem internen Web Development-Team, wahlweise mit Schnellvorlagen oder<br \/>\n                            als individuelles Projekt.<\/p>\n<p>                        +<br \/>\n                        <strong><\/p>\n<p>Domain- und Webhosting<\/p>\n<p>                        <\/strong><\/p>\n<p>Direkt bei uns buchbar, Webhosting in einem deutschen Rechenzentrum.<\/p>\n<p>                        +<br \/>\n                        <strong><\/p>\n<p>E-Commerce Add-on f\u00fcr SAP Business One<\/p>\n<p>                        <\/strong><\/p>\n<p>Unser vielseitiges Add-on, vollst\u00e4ndig in Ihre SAP-Umgebung integriert und direkt an den<br \/>\n                            neuen Onlineshop angebunden.<\/p>\n<\/section>\n<section>\n                    <iframe\n                            src=\"https:\/\/www.youtube.com\/embed\/pqlI57l_JD4?&amp;loop=1&amp;playlist=pqlI57l_JD4&amp;rel=0&amp;controls=1&amp;autoplay=1&amp;mute=1&amp;start=0\"\n                            frameborder=\"0\" allow=\"autoplay; encrypted-media\" allowfullscreen=\"\"\n                            title=\"Ingold Solutions Multibank-Schnittstelle f\u00fcr SAP Business One\"\n                            data-lf-form-tracking-inspected-laxoeakg5y1aoygd=\"true\"\n                            data-lf-yt-playback-inspected-laxoeakg5y1aoygd=\"true\"\n                            data-lf-vimeo-playback-inspected-laxoeakg5y1aoygd=\"true\"><\/iframe><br \/>\n    <\/section>\n<section>\n<h2>Das Ingold E-Commerce Add-on f\u00fcr SAP Business One \u2013 <br \/>Automatisiert, Skalierbar, Zukunftssicher<\/h2>\n<h3>Kernfunktionen:<\/h3>\n<ul>\n<li>Automatische \u00dcbertragung von Kunden- und Bestelldaten<\/li>\n<li>Synchronisation der Artikelstammdaten<\/li>\n<li>Echtzeit-\u00dcbertragung der Lagerbest\u00e4nde zur Vermeidung von Engp\u00e4ssen und \u00dcberverk\u00e4ufen<\/li>\n<li>Automatische Preisaktualisierungen, inklusive Rabatten<\/li>\n<li>Planung von Datensynchronisierung f\u00fcr vollautomatisierte Abl\u00e4ufe<\/li>\n<li>Fehler\u00fcberwachung und Re-Synchronisierung zur effizienten Problembehebung<\/li>\n<\/ul>\n<\/section>\n<section>\n<h2>Ihre Vorteile<\/h2>\n<ul>\n<li>\n                        <img decoding=\"async\" src=\"https:\/\/connect-sap.de\/wp-content\/uploads\/2025\/02\/puzzle-svg-icon.svg\"><\/p>\n<p>Schnelle Integration direkt in SAP B1 \u2013ohne zus\u00e4tzliche  Middleware<\/p>\n<\/li>\n<li>\n                        <img decoding=\"async\" src=\"https:\/\/connect-sap.de\/wp-content\/uploads\/2025\/02\/database-icon.svg\"><\/p>\n<p>Verl\u00e4ssliche Datenbasis f\u00fcr fundierte Entscheidungen<\/p>\n<\/li>\n<li>\n                        <img decoding=\"async\" src=\"https:\/\/connect-sap.de\/wp-content\/uploads\/2025\/02\/database-svg-icon-1.svg\"><\/p>\n<p>Reduzierung manueller Dateneingaben, geringeres Fehlerrisiko<\/p>\n<\/li>\n<li>\n                        <img decoding=\"async\" src=\"https:\/\/connect-sap.de\/wp-content\/uploads\/2025\/02\/scale-icon.svg\"><\/p>\n<p>Skalierbarkeit ohne zus\u00e4tzliche Komplexit\u00e4t<\/p>\n<\/li>\n<li>\n                        <img decoding=\"async\" src=\"https:\/\/connect-sap.de\/wp-content\/uploads\/2025\/02\/clock-svg-icon.svg\"><\/p>\n<p>Zeitersparnis durch Automatisierung wiederkehrender Aufgaben<\/p>\n<\/li>\n<li>\n                        <img decoding=\"async\" src=\"https:\/\/connect-sap.de\/wp-content\/uploads\/2025\/02\/link-icon-2.svg\"><\/p>\n<p>Reibungslose Verbindung von Vertriebskan\u00e4len und Backoffice f\u00fcr h\u00f6here Produktivit\u00e4t<\/p>\n<\/li>\n<li>\n                        <img decoding=\"async\" src=\"https:\/\/connect-sap.de\/wp-content\/uploads\/2025\/02\/order-icon.svg\"><\/p>\n<p>Echtzeit-Bestandsupdates und zuverl\u00e4ssige Auftragsabwicklung<\/p>\n<\/li>\n<\/ul>\n<h2>Zertifizierte Add-ons, Plugins und Erweiterungen f\u00fcr SAP Business One.<\/h2>\n<h4>Als offizieller SAP PartnerEdge Build Partner bieten wir spezialisierte Erweiterungen, Expertise und zuverl\u00e4ssigen Support.<\/h4>\n<p>                <img decoding=\"async\" src=\"https:\/\/connect-sap.de\/wp-content\/uploads\/2025\/02\/sap-partner-img-with-bg.jpg\" alt=\"\"><\/p>\n<h4>Sind Sie ein SAP-Partner?<\/h4>\n<p>Wir freuen uns, Sie in unser Partnerprogramm aufzunehmen und unterst\u00fctzen Sie gerne bei Ihrem Kundenprojekt.<\/p>\n<h4>Sind sie ein SAP-Nutzer?<\/h4>\n<p>Fragen Sie Ihren SAP-Partner nach unseren Add-ons, die schnell und einfach in Ihre SAP Business One Umgebung integriert werden k\u00f6nnen.<\/p>\n<\/section>\n<section>\n<p>Wie k\u00f6nnen wir helfen?<\/p>\n<p>                    <a href=\"javaScript:void(0)\" data-bs-toggle=\"modal\" data-bs-target=\"#request_demo_modal1\"> Demo-Link anfordern<\/a><br \/>\n                <a href=\"javaScript:void(0)\" data-bs-toggle=\"modal\" data-bs-target=\"#request_demo_modal2\"> Kostenlose Beratung buchen<\/a><br \/>\n                <a href=\"javaScript:void(0)\" data-bs-toggle=\"modal\" data-bs-target=\"#request_demo_modal3\"> SBO gratis testen<\/a><br \/>\n    <\/section>\n<section>\n<h2>SAP-zertifizierte L\u00f6sungen<\/h2>\n<p>Als offizieller SAP PartnerEdge Build Partner bieten wir spezialisierte Erweiterungen, Expertise und zuverl\u00e4ssigen Support.<\/p>\n<p>                   <img decoding=\"async\" src=\"https:\/\/connect-sap.de\/wp-content\/uploads\/2025\/02\/sap-partner-edge.png\"><br \/>\n    <\/section>\n<section>\n                        <img decoding=\"async\" src=\"https:\/\/connect-sap.de\/wp-content\/uploads\/2025\/02\/testimony-one.png\" alt=\"Zertifizierte L\u00f6sung\"><\/p>\n<h4>Unsere L\u00f6sungen auf SAP Certified Solutions Directory<\/h4>\n<p>                        <a href=\"https:\/\/www.sap.com\/dmc\/exp\/2013_09_adpd\/enEN\/#\/solutions?search=ingold\" target=\"_blank\">Jetzt ansehen<\/a><br \/>\n                        <img decoding=\"async\" src=\"https:\/\/connect-sap.de\/wp-content\/uploads\/2025\/02\/testimony-3.png\" alt=\"Zertifizierte L\u00f6sung\"><\/p>\n<h4>Unsere Add-ons im offiziellen SAP Store<\/h4>\n<p>                        <a href=\"#\">Store besuchen<\/a><br \/>\n    <\/section>\n","protected":false},"excerpt":{"rendered":"<p>E-Commerce Add-on f\u00fcr SAP Business One Kostenlose Demo Onlineshop-Anbindung f\u00fcr Magento, Shopify, Shopware und WooCommerce Echtzeit-Synchronisation F\u00fcr SQL und HANA ab SBO Version 9.3 Implementierung direkt in SAP Business One, ohne den Einsatz von Middleware-Schnittstellen Unsere Add-ons sind als Kaufoption (On-Premise) oder als Mietl\u00f6sung (Cloud) erh\u00e4ltlich \u2013 beide Optionen sind f\u00fcr jede SAP-Umgebung, ob lokal [&hellip;]<\/p>\n","protected":false},"author":1,"featured_media":0,"parent":0,"menu_order":0,"comment_status":"closed","ping_status":"closed","template":"template-custom-theme.php","meta":{"inline_featured_image":false,"footnotes":""},"class_list":["post-29","page","type-page","status-publish","hentry"],"yoast_head":"<!-- This site is optimized with the Yoast SEO plugin v27.5 - https:\/\/yoast.com\/product\/yoast-seo-wordpress\/ -->\n<title>Ecommerce - sapaddons<\/title>\n<meta name=\"robots\" content=\"index, follow, max-snippet:-1, max-image-preview:large, max-video-preview:-1\" \/>\n<link rel=\"canonical\" href=\"https:\/\/connect-sap.de\/en\/ecommerce\/\" \/>\n<meta property=\"og:locale\" content=\"en_US\" \/>\n<meta property=\"og:type\" content=\"article\" \/>\n<meta property=\"og:title\" content=\"Ecommerce - sapaddons\" \/>\n<meta property=\"og:description\" content=\"E-Commerce Add-on f\u00fcr SAP Business One Kostenlose Demo Onlineshop-Anbindung f\u00fcr Magento, Shopify, Shopware und WooCommerce Echtzeit-Synchronisation F\u00fcr SQL und HANA ab SBO Version 9.3 Implementierung direkt in SAP Business One, ohne den Einsatz von Middleware-Schnittstellen Unsere Add-ons sind als Kaufoption (On-Premise) oder als Mietl\u00f6sung (Cloud) erh\u00e4ltlich \u2013 beide Optionen sind f\u00fcr jede SAP-Umgebung, ob lokal [&hellip;]\" \/>\n<meta property=\"og:url\" content=\"https:\/\/connect-sap.de\/en\/ecommerce\/\" \/>\n<meta property=\"og:site_name\" content=\"sapaddons\" \/>\n<meta property=\"article:modified_time\" content=\"2025-02-27T12:55:39+00:00\" \/>\n<meta property=\"og:image\" content=\"https:\/\/connect-sap.de\/wp-content\/uploads\/2025\/02\/ecommerce-icon-1.png\" \/>\n<meta name=\"twitter:card\" content=\"summary_large_image\" \/>\n<meta name=\"twitter:label1\" content=\"Est. reading time\" \/>\n\t<meta name=\"twitter:data1\" content=\"3 minutes\" \/>\n<script type=\"application\/ld+json\" class=\"yoast-schema-graph\">{\"@context\":\"https:\\\/\\\/schema.org\",\"@graph\":[{\"@type\":\"WebPage\",\"@id\":\"https:\\\/\\\/connect-sap.de\\\/en\\\/ecommerce\\\/\",\"url\":\"https:\\\/\\\/connect-sap.de\\\/en\\\/ecommerce\\\/\",\"name\":\"Ecommerce - sapaddons\",\"isPartOf\":{\"@id\":\"https:\\\/\\\/connect-sap.de\\\/en\\\/#website\"},\"primaryImageOfPage\":{\"@id\":\"https:\\\/\\\/connect-sap.de\\\/en\\\/ecommerce\\\/#primaryimage\"},\"image\":{\"@id\":\"https:\\\/\\\/connect-sap.de\\\/en\\\/ecommerce\\\/#primaryimage\"},\"thumbnailUrl\":\"https:\\\/\\\/connect-sap.de\\\/wp-content\\\/uploads\\\/2025\\\/02\\\/ecommerce-icon-1.png\",\"datePublished\":\"2025-02-05T07:55:29+00:00\",\"dateModified\":\"2025-02-27T12:55:39+00:00\",\"breadcrumb\":{\"@id\":\"https:\\\/\\\/connect-sap.de\\\/en\\\/ecommerce\\\/#breadcrumb\"},\"inLanguage\":\"en-US\",\"potentialAction\":[{\"@type\":\"ReadAction\",\"target\":[\"https:\\\/\\\/connect-sap.de\\\/en\\\/ecommerce\\\/\"]}]},{\"@type\":\"ImageObject\",\"inLanguage\":\"en-US\",\"@id\":\"https:\\\/\\\/connect-sap.de\\\/en\\\/ecommerce\\\/#primaryimage\",\"url\":\"https:\\\/\\\/connect-sap.de\\\/wp-content\\\/uploads\\\/2025\\\/02\\\/ecommerce-icon-1.png\",\"contentUrl\":\"https:\\\/\\\/connect-sap.de\\\/wp-content\\\/uploads\\\/2025\\\/02\\\/ecommerce-icon-1.png\"},{\"@type\":\"BreadcrumbList\",\"@id\":\"https:\\\/\\\/connect-sap.de\\\/en\\\/ecommerce\\\/#breadcrumb\",\"itemListElement\":[{\"@type\":\"ListItem\",\"position\":1,\"name\":\"Startseite\",\"item\":\"https:\\\/\\\/connect-sap.de\\\/en\\\/home\\\/\"},{\"@type\":\"ListItem\",\"position\":2,\"name\":\"Ecommerce\"}]},{\"@type\":\"WebSite\",\"@id\":\"https:\\\/\\\/connect-sap.de\\\/en\\\/#website\",\"url\":\"https:\\\/\\\/connect-sap.de\\\/en\\\/\",\"name\":\"sapaddons\",\"description\":\"\",\"potentialAction\":[{\"@type\":\"SearchAction\",\"target\":{\"@type\":\"EntryPoint\",\"urlTemplate\":\"https:\\\/\\\/connect-sap.de\\\/en\\\/?s={search_term_string}\"},\"query-input\":{\"@type\":\"PropertyValueSpecification\",\"valueRequired\":true,\"valueName\":\"search_term_string\"}}],\"inLanguage\":\"en-US\"}]}<\/script>\n<!-- \/ Yoast SEO plugin. -->","yoast_head_json":{"title":"Ecommerce - sapaddons","robots":{"index":"index","follow":"follow","max-snippet":"max-snippet:-1","max-image-preview":"max-image-preview:large","max-video-preview":"max-video-preview:-1"},"canonical":"https:\/\/connect-sap.de\/en\/ecommerce\/","og_locale":"en_US","og_type":"article","og_title":"Ecommerce - sapaddons","og_description":"E-Commerce Add-on f\u00fcr SAP Business One Kostenlose Demo Onlineshop-Anbindung f\u00fcr Magento, Shopify, Shopware und WooCommerce Echtzeit-Synchronisation F\u00fcr SQL und HANA ab SBO Version 9.3 Implementierung direkt in SAP Business One, ohne den Einsatz von Middleware-Schnittstellen Unsere Add-ons sind als Kaufoption (On-Premise) oder als Mietl\u00f6sung (Cloud) erh\u00e4ltlich \u2013 beide Optionen sind f\u00fcr jede SAP-Umgebung, ob lokal [&hellip;]","og_url":"https:\/\/connect-sap.de\/en\/ecommerce\/","og_site_name":"sapaddons","article_modified_time":"2025-02-27T12:55:39+00:00","og_image":[{"url":"https:\/\/connect-sap.de\/wp-content\/uploads\/2025\/02\/ecommerce-icon-1.png","type":"","width":"","height":""}],"twitter_card":"summary_large_image","twitter_misc":{"Est. reading time":"3 minutes"},"schema":{"@context":"https:\/\/schema.org","@graph":[{"@type":"WebPage","@id":"https:\/\/connect-sap.de\/en\/ecommerce\/","url":"https:\/\/connect-sap.de\/en\/ecommerce\/","name":"Ecommerce - sapaddons","isPartOf":{"@id":"https:\/\/connect-sap.de\/en\/#website"},"primaryImageOfPage":{"@id":"https:\/\/connect-sap.de\/en\/ecommerce\/#primaryimage"},"image":{"@id":"https:\/\/connect-sap.de\/en\/ecommerce\/#primaryimage"},"thumbnailUrl":"https:\/\/connect-sap.de\/wp-content\/uploads\/2025\/02\/ecommerce-icon-1.png","datePublished":"2025-02-05T07:55:29+00:00","dateModified":"2025-02-27T12:55:39+00:00","breadcrumb":{"@id":"https:\/\/connect-sap.de\/en\/ecommerce\/#breadcrumb"},"inLanguage":"en-US","potentialAction":[{"@type":"ReadAction","target":["https:\/\/connect-sap.de\/en\/ecommerce\/"]}]},{"@type":"ImageObject","inLanguage":"en-US","@id":"https:\/\/connect-sap.de\/en\/ecommerce\/#primaryimage","url":"https:\/\/connect-sap.de\/wp-content\/uploads\/2025\/02\/ecommerce-icon-1.png","contentUrl":"https:\/\/connect-sap.de\/wp-content\/uploads\/2025\/02\/ecommerce-icon-1.png"},{"@type":"BreadcrumbList","@id":"https:\/\/connect-sap.de\/en\/ecommerce\/#breadcrumb","itemListElement":[{"@type":"ListItem","position":1,"name":"Startseite","item":"https:\/\/connect-sap.de\/en\/home\/"},{"@type":"ListItem","position":2,"name":"Ecommerce"}]},{"@type":"WebSite","@id":"https:\/\/connect-sap.de\/en\/#website","url":"https:\/\/connect-sap.de\/en\/","name":"sapaddons","description":"","potentialAction":[{"@type":"SearchAction","target":{"@type":"EntryPoint","urlTemplate":"https:\/\/connect-sap.de\/en\/?s={search_term_string}"},"query-input":{"@type":"PropertyValueSpecification","valueRequired":true,"valueName":"search_term_string"}}],"inLanguage":"en-US"}]}},"_links":{"self":[{"href":"https:\/\/connect-sap.de\/en\/wp-json\/wp\/v2\/pages\/29","targetHints":{"allow":["GET"]}}],"collection":[{"href":"https:\/\/connect-sap.de\/en\/wp-json\/wp\/v2\/pages"}],"about":[{"href":"https:\/\/connect-sap.de\/en\/wp-json\/wp\/v2\/types\/page"}],"author":[{"embeddable":true,"href":"https:\/\/connect-sap.de\/en\/wp-json\/wp\/v2\/users\/1"}],"replies":[{"embeddable":true,"href":"https:\/\/connect-sap.de\/en\/wp-json\/wp\/v2\/comments?post=29"}],"version-history":[{"count":11,"href":"https:\/\/connect-sap.de\/en\/wp-json\/wp\/v2\/pages\/29\/revisions"}],"predecessor-version":[{"id":1083,"href":"https:\/\/connect-sap.de\/en\/wp-json\/wp\/v2\/pages\/29\/revisions\/1083"}],"wp:attachment":[{"href":"https:\/\/connect-sap.de\/en\/wp-json\/wp\/v2\/media?parent=29"}],"curies":[{"name":"wp","href":"https:\/\/api.w.org\/{rel}","templated":true}]}}