{"id":494,"date":"2025-02-11T13:59:32","date_gmt":"2025-02-11T13:59:32","guid":{"rendered":"https:\/\/connect-sap.de\/?page_id=494"},"modified":"2026-04-25T13:15:43","modified_gmt":"2026-04-25T13:15:43","slug":"contract-management","status":"publish","type":"page","link":"https:\/\/connect-sap.de\/en\/contract-management\/","title":{"rendered":"Contract Management"},"content":{"rendered":"<section>\n                        <img decoding=\"async\" src=\"https:\/\/connect-sap.de\/wp-content\/uploads\/2025\/02\/contact-managemnet-icon-1.png\"><\/p>\n<h1>Contract Management Add-on f\u00fcr SAP Business One<\/h1>\n<p>                        <a href=\"javaScript:void(0)\" data-bs-toggle=\"modal\"\n                                data-bs-target=\"#request_demo_modal\">Kostenlose Demo<\/a><\/p>\n<ul>\n<li>Vertragsmanagement <\/li>\n<li>Pflege von Lieferanten- und Kundenvertr\u00e4gen<\/li>\n<li>f\u00fcr SQL und HANA ab SBO Version 9.3<\/li>\n<li>Implementierung direkt in SAP<br \/>\n                                Business One, ohne den Einsatz von<br \/>\n                                Middleware-Schnittstellen.<\/li>\n<\/ul>\n<p>                             <img decoding=\"async\" src=\"https:\/\/connect-sap.de\/wp-content\/uploads\/2025\/02\/saphana.png\" alt=\"SAP Business One\"><br \/>\n                            <img decoding=\"async\" src=\"https:\/\/connect-sap.de\/wp-content\/uploads\/2025\/02\/sap-partner-edge.png\" alt=\"SAP Business One\"><\/p>\n<h4>Unsere Add-ons sind als Kaufoption (On-Premise)<br \/>\n                            oder als Mietl\u00f6sung (Cloud) erh\u00e4ltlich \u2013<br \/>\n                            beide Optionen sind f\u00fcr jede SAP-Umgebung,<br \/>\n                            ob lokal oder in der Cloud, verf\u00fcgbar.<\/h4>\n<h5>OnPremise Version, Contract Management Add-on f\u00fcr<br \/>\n                                HANA oder SQL<\/h5>\n<table>\n<tr>\n<td>Benutzerlizenz (pro SAP-Benutzer)<\/td>\n<td>500 \u20ac einmalig<\/td>\n<\/tr>\n<tr>\n<td>Installationsgeb\u00fchren (eine Datenbank)<\/td>\n<td>150 \u20ac einmalig<\/td>\n<\/tr>\n<tr>\n<td>Support und Wartung, basierend auf dem<br \/>\n                                            Lizenzgesamtwert<\/td>\n<td>20% j\u00e4hrlich<\/td>\n<\/tr>\n<\/table>\n<h5>Cloud Version, Shipment Add-on f\u00fcr HANA oder SQL<\/h5>\n<table>\n<tr>\n<td>Benutzerlizenz (pro SAP-Benutzer)<\/td>\n<td>20 \u20ac monatlich<\/td>\n<\/tr>\n<tr>\n<td>Installationsgeb\u00fchren (eine Datenbank)<\/td>\n<td>150 \u20ac einmalig<\/td>\n<\/tr>\n<tr>\n<td>Support und Wartung in Lizenzkosten<br \/>\n                                            inbegriffen<\/td>\n<td><\/td>\n<\/tr>\n<\/table>\n<p>                                <a href=\"javaScript:void(0)\" data-bs-toggle=\"modal\"\n                                    data-bs-target=\"#request_demo_modal\">Kostenlose Demo erhalten<\/a><br \/>\n                                 <a href=\"javaScript:void(0)\" data-bs-toggle=\"modal\" data-bs-target=\"#request_pdf_modal\">PDF-Pr\u00e4sentation herunterladen<\/a><br \/>\n                <img decoding=\"async\" src=\"https:\/\/connect-sap.de\/wp-content\/uploads\/2025\/02\/SAP_certified.png\" alt=\"SAP Business One\"><br \/>\n                <img decoding=\"async\" src=\"https:\/\/connect-sap.de\/wp-content\/uploads\/2025\/02\/sap-partner-edge.png\" alt=\"SAP Business One\"><\/p>\n<h3>Contract Management Add-on<\/h3>\n<p>Das Ingold Contract Management Add-on wurde entwickelt, um reibungslose Verwaltung von Lieferanten-<br \/>\n                    und Kundenvertr\u00e4gen in SAP<br \/>\n                    Business One zu erm\u00f6glichen. Es unterst\u00fctzt Unternehmen bei der Automatisierung von<br \/>\n                    Abrechnungsprozessen und der systematischen Pflege von Vertragsdaten direkt in SAP.<\/p>\n<\/section>\n<section>\n<h3>Kernfunktionen des Contract Management Add-ons:<\/h3>\n<ul>\n<li><strong>Vertragsvorlagen:<\/strong><br \/>\n                    Verwaltung und Organisation mehrerer Vorlagen f\u00fcr Verkaufs- und Einkaufsvertr\u00e4ge direkt in SAP Business One. Vordefinierte Formate gew\u00e4hrleisten dabei eine konsistente Struktur und sorgen f\u00fcr eine zeiteffiziente Vertragserstellung.<\/li>\n<li><strong>Vertragserstellung:<\/strong><br \/>\n                    Mithilfe vorgefertigter Vorlagen k\u00f6nnen Vertr\u00e4ge effizient und pr\u00e4zise erstellt werden, wodurch der Erstellungsprozess beschleunigt und potenzielle Fehler oder Unstimmigkeiten reduziert werden.<\/li>\n<li><strong>Dokumentenverkn\u00fcpfung:<\/strong><br \/>\n                    Marketingdokumente lassen sich direkt mit Vertr\u00e4gen verkn\u00fcpfen, die im Vertragsmodul erstellt wurden. Dadurch wird ein durchg\u00e4ngiger Workflow gew\u00e4hrleistet und ein schneller Zugriff auf relevante Unterlagen erleichtert.<\/li>\n<li><strong>Vertragsassistent:<\/strong><br \/>\n                    Der Vertragsassistent automatisiert die Massengenerierung von Dokumenten f\u00fcr ausgew\u00e4hlte Vertragstypen und verkn\u00fcpft sie mit den jeweiligen Vertr\u00e4gen.  Dies steigert die Effizienz bei der Verwaltung zahlreicher Vertr\u00e4ge und stellt sicher, dass alle zugeh\u00f6rigen Dokumente korrekt zugeordnet werden.<\/li>\n<li><strong>Einfache Zug\u00e4nglichkeit:<\/strong><br \/>\n                    Autorisierte Personen haben schnellen Zugriff auf alle relevanten Vertragsdaten.<\/li>\n<\/ul>\n<\/section>\n<section>\n                    <iframe\n                            src=\"https:\/\/www.youtube.com\/embed\/pqlI57l_JD4?&amp;loop=1&amp;playlist=pqlI57l_JD4&amp;rel=0&amp;controls=1&amp;autoplay=1&amp;mute=1&amp;start=0\"\n                            frameborder=\"0\" allow=\"autoplay; encrypted-media\" allowfullscreen=\"\"\n                            title=\"Ingold Solutions Multibank-Schnittstelle f\u00fcr SAP Business One\"\n                            data-lf-form-tracking-inspected-laxoeakg5y1aoygd=\"true\"\n                            data-lf-yt-playback-inspected-laxoeakg5y1aoygd=\"true\"\n                            data-lf-vimeo-playback-inspected-laxoeakg5y1aoygd=\"true\"><\/iframe><\/p>\n<h2>Ihre Vorteile<\/h2>\n<ul>\n<li>\n                        <img decoding=\"async\" src=\"https:\/\/connect-sap.de\/wp-content\/uploads\/2025\/02\/arrow-svg-icon.svg\"><\/p>\n<p>Zeitersparnis mit Automatisierung wiederkehrender Aufgaben<\/p>\n<\/li>\n<li>\n                        <img decoding=\"async\" src=\"https:\/\/connect-sap.de\/wp-content\/uploads\/2025\/02\/notes-svg-icon.svg\"><\/p>\n<p>Skalierbarkeit zur Bew\u00e4ltigung wachsender Vertragsanzahl bei Unternehmenswachstum<\/p>\n<\/li>\n<li>\n                        <img decoding=\"async\" src=\"https:\/\/connect-sap.de\/wp-content\/uploads\/2025\/02\/notest-handshake-svg.svg\"><\/p>\n<p>Beschleunigung des Vertragslebenszyklus<\/p>\n<\/li>\n<li>\n                        <img decoding=\"async\" src=\"https:\/\/connect-sap.de\/wp-content\/uploads\/2025\/02\/connector-svf-icon-1.svg\"><\/p>\n<p>Verbesserte Onboarding-Prozesse f\u00fcr Lieferanten und Kunden<\/p>\n<\/li>\n<li>\n                        <img decoding=\"async\" src=\"https:\/\/connect-sap.de\/wp-content\/uploads\/2025\/02\/warning-svg-icon-1.svg\"><\/p>\n<p>Fehlervermeidung durch standardisierte Vorlagen und automatisierte Workflows.<\/p>\n<\/li>\n<li>\n                        <img decoding=\"async\" src=\"https:\/\/connect-sap.de\/wp-content\/uploads\/2025\/02\/carton-svg-icon-1.svg\"><\/p>\n<p>Strukturierte und nachvollziehbare Vertragsverwaltung<\/p>\n<\/li>\n<li>\n                        <img decoding=\"async\" src=\"https:\/\/connect-sap.de\/wp-content\/uploads\/2025\/02\/equal-svg-icon.svg\"><\/p>\n<p>Einheitliche und konsistente Vertragsinformationen \u00fcber alle Abteilungen hinweg.<\/p>\n<\/li>\n<li>\n                        <img decoding=\"async\" src=\"https:\/\/connect-sap.de\/wp-content\/uploads\/2025\/02\/SAP-svg-icon.svg\"><\/p>\n<p>Verkn\u00fcpfung der Vertr\u00e4ge mit SAP-Modulen<\/p>\n<\/li>\n<\/ul>\n<h2>Zertifizierte Add-ons, Plugins und Erweiterungen f\u00fcr SAP Business One.<\/h2>\n<h4>Als offizieller SAP PartnerEdge Build Partner bieten wir spezialisierte Erweiterungen, Expertise und zuverl\u00e4ssigen Support.<\/h4>\n<p>                <img decoding=\"async\" src=\"https:\/\/connect-sap.de\/wp-content\/uploads\/2025\/02\/sap-partner-img-with-bg.jpg\" alt=\"\"><\/p>\n<h4>Sind Sie ein SAP-Partner?<\/h4>\n<p>Wir freuen uns, Sie in unser Partnerprogramm aufzunehmen und unterst\u00fctzen Sie gerne bei Ihrem Kundenprojekt.<\/p>\n<h4>Sind sie ein SAP-Nutzer?<\/h4>\n<p>Fragen Sie Ihren SAP-Partner nach unseren Add-ons, die schnell und einfach in Ihre SAP Business One Umgebung integriert werden k\u00f6nnen.<\/p>\n<\/section>\n<section>\n<p>Wie k\u00f6nnen wir helfen?<\/p>\n<p>                    <a href=\"javaScript:void(0)\" data-bs-toggle=\"modal\" data-bs-target=\"#request_demo_modal1\"> Demo-Link anfordern<\/a><br \/>\n                <a href=\"javaScript:void(0)\" data-bs-toggle=\"modal\" data-bs-target=\"#request_demo_modal2\"> Kostenlose Beratung buchen<\/a><br \/>\n                <a href=\"javaScript:void(0)\" data-bs-toggle=\"modal\" data-bs-target=\"#request_demo_modal3\"> SBO gratis testen<\/a><br \/>\n    <\/section>\n<section>\n<h2>SAP-zertifizierte L\u00f6sungen<\/h2>\n<p>Als offizieller SAP PartnerEdge Build Partner bieten wir spezialisierte Erweiterungen, Expertise und zuverl\u00e4ssigen Support.<\/p>\n<p>                   <img decoding=\"async\" src=\"https:\/\/connect-sap.de\/wp-content\/uploads\/2025\/02\/sap-partner-edge.png\"><br \/>\n    <\/section>\n<section>\n                        <img decoding=\"async\" src=\"https:\/\/connect-sap.de\/wp-content\/uploads\/2025\/02\/testimony-one.png\" alt=\"Zertifizierte L\u00f6sung\"><\/p>\n<h4>Unsere L\u00f6sungen auf SAP Certified Solutions Directory<\/h4>\n<p>                        <a href=\"https:\/\/www.sap.com\/dmc\/exp\/2013_09_adpd\/enEN\/#\/solutions?search=ingold\" target=\"_blank\">Jetzt ansehen<\/a><br \/>\n                        <img decoding=\"async\" src=\"https:\/\/connect-sap.de\/wp-content\/uploads\/2025\/02\/testimony-3.png\" alt=\"Zertifizierte L\u00f6sung\"><\/p>\n<h4>Unsere Add-ons im offiziellen SAP Store<\/h4>\n<p>                        <a href=\"#\">Store besuchen<\/a><br \/>\n    <\/section>\n","protected":false},"excerpt":{"rendered":"<p>Contract Management Add-on f\u00fcr SAP Business One Kostenlose Demo Vertragsmanagement Pflege von Lieferanten- und Kundenvertr\u00e4gen f\u00fcr SQL und HANA ab SBO Version 9.3 Implementierung direkt in SAP Business One, ohne den Einsatz von Middleware-Schnittstellen. Unsere Add-ons sind als Kaufoption (On-Premise) oder als Mietl\u00f6sung (Cloud) erh\u00e4ltlich \u2013 beide Optionen sind f\u00fcr jede SAP-Umgebung, ob lokal oder [&hellip;]<\/p>\n","protected":false},"author":1,"featured_media":0,"parent":0,"menu_order":0,"comment_status":"closed","ping_status":"closed","template":"template-custom-theme.php","meta":{"inline_featured_image":false,"footnotes":""},"class_list":["post-494","page","type-page","status-publish","hentry"],"yoast_head":"<!-- This site is optimized with the Yoast SEO plugin v27.5 - https:\/\/yoast.com\/product\/yoast-seo-wordpress\/ -->\n<title>Contract Management - sapaddons<\/title>\n<meta name=\"robots\" content=\"index, follow, max-snippet:-1, max-image-preview:large, max-video-preview:-1\" \/>\n<link rel=\"canonical\" href=\"https:\/\/connect-sap.de\/en\/contract-management\/\" \/>\n<meta property=\"og:locale\" content=\"en_US\" \/>\n<meta property=\"og:type\" content=\"article\" \/>\n<meta property=\"og:title\" content=\"Contract Management - sapaddons\" \/>\n<meta property=\"og:description\" content=\"Contract Management Add-on f\u00fcr SAP Business One Kostenlose Demo Vertragsmanagement Pflege von Lieferanten- und Kundenvertr\u00e4gen f\u00fcr SQL und HANA ab SBO Version 9.3 Implementierung direkt in SAP Business One, ohne den Einsatz von Middleware-Schnittstellen. Unsere Add-ons sind als Kaufoption (On-Premise) oder als Mietl\u00f6sung (Cloud) erh\u00e4ltlich \u2013 beide Optionen sind f\u00fcr jede SAP-Umgebung, ob lokal oder [&hellip;]\" \/>\n<meta property=\"og:url\" content=\"https:\/\/connect-sap.de\/en\/contract-management\/\" \/>\n<meta property=\"og:site_name\" content=\"sapaddons\" \/>\n<meta property=\"article:modified_time\" content=\"2026-04-25T13:15:43+00:00\" \/>\n<meta property=\"og:image\" content=\"https:\/\/connect-sap.de\/wp-content\/uploads\/2025\/02\/contact-managemnet-icon-1.png\" \/>\n<meta name=\"twitter:card\" content=\"summary_large_image\" \/>\n<meta name=\"twitter:label1\" content=\"Est. reading time\" \/>\n\t<meta name=\"twitter:data1\" content=\"6 minutes\" \/>\n<script type=\"application\/ld+json\" class=\"yoast-schema-graph\">{\"@context\":\"https:\\\/\\\/schema.org\",\"@graph\":[{\"@type\":\"WebPage\",\"@id\":\"https:\\\/\\\/connect-sap.de\\\/en\\\/contract-management\\\/\",\"url\":\"https:\\\/\\\/connect-sap.de\\\/en\\\/contract-management\\\/\",\"name\":\"Contract Management - sapaddons\",\"isPartOf\":{\"@id\":\"https:\\\/\\\/connect-sap.de\\\/en\\\/#website\"},\"primaryImageOfPage\":{\"@id\":\"https:\\\/\\\/connect-sap.de\\\/en\\\/contract-management\\\/#primaryimage\"},\"image\":{\"@id\":\"https:\\\/\\\/connect-sap.de\\\/en\\\/contract-management\\\/#primaryimage\"},\"thumbnailUrl\":\"https:\\\/\\\/connect-sap.de\\\/wp-content\\\/uploads\\\/2025\\\/02\\\/contact-managemnet-icon-1.png\",\"datePublished\":\"2025-02-11T13:59:32+00:00\",\"dateModified\":\"2026-04-25T13:15:43+00:00\",\"breadcrumb\":{\"@id\":\"https:\\\/\\\/connect-sap.de\\\/en\\\/contract-management\\\/#breadcrumb\"},\"inLanguage\":\"en-US\",\"potentialAction\":[{\"@type\":\"ReadAction\",\"target\":[\"https:\\\/\\\/connect-sap.de\\\/en\\\/contract-management\\\/\"]}]},{\"@type\":\"ImageObject\",\"inLanguage\":\"en-US\",\"@id\":\"https:\\\/\\\/connect-sap.de\\\/en\\\/contract-management\\\/#primaryimage\",\"url\":\"https:\\\/\\\/connect-sap.de\\\/wp-content\\\/uploads\\\/2025\\\/02\\\/contact-managemnet-icon-1.png\",\"contentUrl\":\"https:\\\/\\\/connect-sap.de\\\/wp-content\\\/uploads\\\/2025\\\/02\\\/contact-managemnet-icon-1.png\"},{\"@type\":\"BreadcrumbList\",\"@id\":\"https:\\\/\\\/connect-sap.de\\\/en\\\/contract-management\\\/#breadcrumb\",\"itemListElement\":[{\"@type\":\"ListItem\",\"position\":1,\"name\":\"Startseite\",\"item\":\"https:\\\/\\\/connect-sap.de\\\/en\\\/home\\\/\"},{\"@type\":\"ListItem\",\"position\":2,\"name\":\"Contract Management\"}]},{\"@type\":\"WebSite\",\"@id\":\"https:\\\/\\\/connect-sap.de\\\/en\\\/#website\",\"url\":\"https:\\\/\\\/connect-sap.de\\\/en\\\/\",\"name\":\"sapaddons\",\"description\":\"\",\"potentialAction\":[{\"@type\":\"SearchAction\",\"target\":{\"@type\":\"EntryPoint\",\"urlTemplate\":\"https:\\\/\\\/connect-sap.de\\\/en\\\/?s={search_term_string}\"},\"query-input\":{\"@type\":\"PropertyValueSpecification\",\"valueRequired\":true,\"valueName\":\"search_term_string\"}}],\"inLanguage\":\"en-US\"}]}<\/script>\n<!-- \/ Yoast SEO plugin. -->","yoast_head_json":{"title":"Contract Management - sapaddons","robots":{"index":"index","follow":"follow","max-snippet":"max-snippet:-1","max-image-preview":"max-image-preview:large","max-video-preview":"max-video-preview:-1"},"canonical":"https:\/\/connect-sap.de\/en\/contract-management\/","og_locale":"en_US","og_type":"article","og_title":"Contract Management - sapaddons","og_description":"Contract Management Add-on f\u00fcr SAP Business One Kostenlose Demo Vertragsmanagement Pflege von Lieferanten- und Kundenvertr\u00e4gen f\u00fcr SQL und HANA ab SBO Version 9.3 Implementierung direkt in SAP Business One, ohne den Einsatz von Middleware-Schnittstellen. Unsere Add-ons sind als Kaufoption (On-Premise) oder als Mietl\u00f6sung (Cloud) erh\u00e4ltlich \u2013 beide Optionen sind f\u00fcr jede SAP-Umgebung, ob lokal oder [&hellip;]","og_url":"https:\/\/connect-sap.de\/en\/contract-management\/","og_site_name":"sapaddons","article_modified_time":"2026-04-25T13:15:43+00:00","og_image":[{"url":"https:\/\/connect-sap.de\/wp-content\/uploads\/2025\/02\/contact-managemnet-icon-1.png","type":"","width":"","height":""}],"twitter_card":"summary_large_image","twitter_misc":{"Est. reading time":"6 minutes"},"schema":{"@context":"https:\/\/schema.org","@graph":[{"@type":"WebPage","@id":"https:\/\/connect-sap.de\/en\/contract-management\/","url":"https:\/\/connect-sap.de\/en\/contract-management\/","name":"Contract Management - sapaddons","isPartOf":{"@id":"https:\/\/connect-sap.de\/en\/#website"},"primaryImageOfPage":{"@id":"https:\/\/connect-sap.de\/en\/contract-management\/#primaryimage"},"image":{"@id":"https:\/\/connect-sap.de\/en\/contract-management\/#primaryimage"},"thumbnailUrl":"https:\/\/connect-sap.de\/wp-content\/uploads\/2025\/02\/contact-managemnet-icon-1.png","datePublished":"2025-02-11T13:59:32+00:00","dateModified":"2026-04-25T13:15:43+00:00","breadcrumb":{"@id":"https:\/\/connect-sap.de\/en\/contract-management\/#breadcrumb"},"inLanguage":"en-US","potentialAction":[{"@type":"ReadAction","target":["https:\/\/connect-sap.de\/en\/contract-management\/"]}]},{"@type":"ImageObject","inLanguage":"en-US","@id":"https:\/\/connect-sap.de\/en\/contract-management\/#primaryimage","url":"https:\/\/connect-sap.de\/wp-content\/uploads\/2025\/02\/contact-managemnet-icon-1.png","contentUrl":"https:\/\/connect-sap.de\/wp-content\/uploads\/2025\/02\/contact-managemnet-icon-1.png"},{"@type":"BreadcrumbList","@id":"https:\/\/connect-sap.de\/en\/contract-management\/#breadcrumb","itemListElement":[{"@type":"ListItem","position":1,"name":"Startseite","item":"https:\/\/connect-sap.de\/en\/home\/"},{"@type":"ListItem","position":2,"name":"Contract Management"}]},{"@type":"WebSite","@id":"https:\/\/connect-sap.de\/en\/#website","url":"https:\/\/connect-sap.de\/en\/","name":"sapaddons","description":"","potentialAction":[{"@type":"SearchAction","target":{"@type":"EntryPoint","urlTemplate":"https:\/\/connect-sap.de\/en\/?s={search_term_string}"},"query-input":{"@type":"PropertyValueSpecification","valueRequired":true,"valueName":"search_term_string"}}],"inLanguage":"en-US"}]}},"_links":{"self":[{"href":"https:\/\/connect-sap.de\/en\/wp-json\/wp\/v2\/pages\/494","targetHints":{"allow":["GET"]}}],"collection":[{"href":"https:\/\/connect-sap.de\/en\/wp-json\/wp\/v2\/pages"}],"about":[{"href":"https:\/\/connect-sap.de\/en\/wp-json\/wp\/v2\/types\/page"}],"author":[{"embeddable":true,"href":"https:\/\/connect-sap.de\/en\/wp-json\/wp\/v2\/users\/1"}],"replies":[{"embeddable":true,"href":"https:\/\/connect-sap.de\/en\/wp-json\/wp\/v2\/comments?post=494"}],"version-history":[{"count":7,"href":"https:\/\/connect-sap.de\/en\/wp-json\/wp\/v2\/pages\/494\/revisions"}],"predecessor-version":[{"id":1116,"href":"https:\/\/connect-sap.de\/en\/wp-json\/wp\/v2\/pages\/494\/revisions\/1116"}],"wp:attachment":[{"href":"https:\/\/connect-sap.de\/en\/wp-json\/wp\/v2\/media?parent=494"}],"curies":[{"name":"wp","href":"https:\/\/api.w.org\/{rel}","templated":true}]}}