{"id":507,"date":"2025-02-11T14:04:48","date_gmt":"2025-02-11T14:04:48","guid":{"rendered":"https:\/\/connect-sap.de\/?page_id=507"},"modified":"2026-04-25T13:19:53","modified_gmt":"2026-04-25T13:19:53","slug":"eu-financesuite","status":"publish","type":"page","link":"https:\/\/connect-sap.de\/en\/eu-financesuite\/","title":{"rendered":"Eu Financesuite"},"content":{"rendered":"<section>\n                        <img decoding=\"async\" src=\"https:\/\/connect-sap.de\/wp-content\/uploads\/2025\/02\/finance-icon-1.png\"><\/p>\n<h1>EU FinanceSuite Add-on f\u00fcr<br \/>\n                            SAP Business One<\/h1>\n<p>                        <a href=\"javaScript:void(0)\" data-bs-toggle=\"modal\"\n                                data-bs-target=\"#request_demo_modal\">Kostenlose Demo<\/a><\/p>\n<ul>\n<li>Validierung von USt-IdNrn <\/li>\n<li>Aktualisierung von Wechselkursen<\/li>\n<li>Verwaltung von SWIFT\/IBAN-Daten<\/li>\n<li>If\u00fcr SQL und HANA ab SBO Version 9.3<\/li>\n<li>Implementierung direkt in SAP<br \/>\n                                Business One, ohne den Einsatz von<br \/>\n                                Middleware-Schnittstellen.<\/li>\n<\/ul>\n<p>                            <img decoding=\"async\" src=\"https:\/\/connect-sap.de\/wp-content\/uploads\/2025\/02\/saphana.png\" alt=\"SAP Business One\"><br \/>\n                            <img decoding=\"async\" src=\"https:\/\/connect-sap.de\/wp-content\/uploads\/2025\/02\/sap-partner-edge.png\" alt=\"SAP Business One\"><\/p>\n<h4>Unsere Add-ons sind als Kaufoption (On-Premise)<br \/>\n                            oder als Mietl\u00f6sung (Cloud) erh\u00e4ltlich \u2013<br \/>\n                            beide Optionen sind f\u00fcr jede SAP-Umgebung,<br \/>\n                            ob lokal oder in der Cloud, verf\u00fcgbar.<\/h4>\n<h5>OnPremise Version, EU FinanceSuite Add-on f\u00fcr<br \/>\n                                HANA oder SQL<\/h5>\n<table>\n<tr>\n<td>Unternehmenslizenz (eine Datenbank)<\/td>\n<td>1500 \u20ac einmalig<\/td>\n<\/tr>\n<tr>\n<td>Installationsgeb\u00fchren<\/td>\n<td>150 \u20ac einmalig<\/td>\n<\/tr>\n<tr>\n<td>Support und Wartung, basierend auf dem<br \/>\n                                            Lizenzgesamtwert<\/td>\n<td>20% j\u00e4hrlich<\/td>\n<\/tr>\n<\/table>\n<h5>Cloud Version, EU FinanceSuite Add-on f\u00fcr<br \/>\n                                HANA oder SQL<\/h5>\n<table>\n<tr>\n<td>Unternehmenslizenz (eine Datenbank)<\/td>\n<td>60 \u20ac monatlich<\/td>\n<\/tr>\n<tr>\n<td>Installationsgeb\u00fchren<\/td>\n<td>150 \u20ac einmalig<\/td>\n<\/tr>\n<tr>\n<td>Support und Wartung in Lizenzkosten<br \/>\n                                            inbegriffen<\/td>\n<td><\/td>\n<\/tr>\n<\/table>\n<p>                 <img decoding=\"async\" src=\"https:\/\/connect-sap.de\/wp-content\/uploads\/2025\/02\/SAP_certified.png\" alt=\"SAP Business One\"><br \/>\n                <img decoding=\"async\" src=\"https:\/\/connect-sap.de\/wp-content\/uploads\/2025\/02\/sap-partner-edge.png\" alt=\"SAP Business One\"><\/p>\n<h3>EU FinanceSuite Add-on<\/h3>\n<p>Das Ingold EU FinanceSuite Add-on vereinfacht und automatisiert die zentralen Finanzprozesse<br \/>\n                    innerhalb von SAP Business One. Es<br \/>\n                    verbessert die betriebliche Effizienz durch Funktionen wie die Validierung von USt-IdNrn., die<br \/>\n                    automatische Aktualisierung von Wechselkursen und die \u00dcberpr\u00fcfung von Kreditlimiten. Dar\u00fcber hinaus<br \/>\n                    vereinfacht es die Verwaltung von SWIFT\/IBAN-Daten und eliminiert die Notwendigkeit manueller<br \/>\n                    Eingaben. Das Add-on ist speziell auf die Anforderungen von Unternehmen innerhalb der Europ\u00e4ischen<br \/>\n                    Union ausgerichtet und erf\u00fcllt alle relevanten operativen Vorgaben der EU.<\/p>\n<\/section>\n<section>\n<h3>Kernfunktionen des EU FinanceSuite Add-ons:<\/h3>\n<ul>\n<li><strong>Automatisierung von Wechselkursen:<\/strong><br \/>\n                    Automatische Aktualisierung der Wechselkurse basierend auf Euro-Fremdw\u00e4hrungsdaten in SAP Business One.<\/li>\n<li><strong>Validierung von Umsatzsteuer-Identifikationsnummern:<\/strong><br \/>\n                    \u00dcberpr\u00fcfung der USt-IdNrn. von Gesch\u00e4ftspartnern und A\/R-Rechnungen \u00fcber das VAT-Information Exchange System (VIES).<\/li>\n<li><strong>Optimierung der Verkaufsauftr\u00e4ge:<\/strong><br \/>\n                    Erm\u00f6glicht automatische Aktivierung der USt-IdNr.-Validierung sowie die Aufteilung einzelner Verkaufsauftr\u00e4ge in mehrere Bestellungen basierend auf der Verf\u00fcgbarkeit von Artikeln.<\/li>\n<li><strong>Aktualisierung von Bankdaten:<\/strong><br \/>\n                    Automatische Aktualisierung der Bankdaten von Gesch\u00e4ftspartnern, einschlie\u00dflich Bankleitzahl, SWIFT und IBAN, basierend auf importierten Kontoausz\u00fcgen.<\/li>\n<li><strong>Kreditlimit-Pr\u00fcfung:<\/strong><br \/>\n                    Anzeige von Pop-ups f\u00fcr die \u00dcberpr\u00fcfung von Kreditlimits und \u00fcberf\u00e4lligen Zahlungen w\u00e4hrend der Auftragsbearbeitung.<\/li>\n<\/ul>\n<\/section>\n<section>\n                    <iframe\n                            src=\"https:\/\/www.youtube.com\/embed\/pqlI57l_JD4?&amp;loop=1&amp;playlist=pqlI57l_JD4&amp;rel=0&amp;controls=1&amp;autoplay=1&amp;mute=1&amp;start=0\"\n                            frameborder=\"0\" allow=\"autoplay; encrypted-media\" allowfullscreen=\"\"\n                            title=\"Ingold Solutions Multibank-Schnittstelle f\u00fcr SAP Business One\"\n                            data-lf-form-tracking-inspected-laxoeakg5y1aoygd=\"true\"\n                            data-lf-yt-playback-inspected-laxoeakg5y1aoygd=\"true\"\n                            data-lf-vimeo-playback-inspected-laxoeakg5y1aoygd=\"true\"><\/iframe><\/p>\n<h2>Ihre Vorteile<\/h2>\n<ul>\n<li>\n                        <img decoding=\"async\" src=\"https:\/\/connect-sap.de\/wp-content\/uploads\/2025\/02\/hand-euro-icon.svg\"><\/p>\n<p><strong>Verbesserte Finanzgenauigkeit:<\/strong><br \/>Gew\u00e4hrleistung aktueller Daten und pr\u00e4ziser Wechselkurse, wodurch manuelle Fehler bei Finanztransaktionen reduziert werden.<\/p>\n<\/li>\n<li>\n                        <img decoding=\"async\" src=\"https:\/\/connect-sap.de\/wp-content\/uploads\/2025\/02\/line-connection-icon.svg\"><\/p>\n<p><strong>Effiziente Verkaufsauftragsverwaltung:<\/strong><br \/>Vereinfachung der Verkaufsprozesse und Steigerung der betrieblichen Effizienz.<\/p>\n<\/li>\n<li>\n                        <img decoding=\"async\" src=\"https:\/\/connect-sap.de\/wp-content\/uploads\/2025\/02\/tick-note-svg-icon-1.svg\"><\/p>\n<p><strong>Erh\u00f6hte Compliance:<\/strong><br \/>Vereinfachte Einhaltung der EU-Vorgaben durch automatische Validierung der Umsatzsteuer-Identifikationsnummern.<\/p>\n<\/li>\n<li>\n                        <img decoding=\"async\" src=\"https:\/\/connect-sap.de\/wp-content\/uploads\/2025\/02\/bank-svg.svg\"><\/p>\n<p><strong>Optimierte Bankprozesse:<\/strong><br \/>Zeitersparnis und verbesserte Datenpr\u00e4zision dank der automatischen Aktualisierung der Bankdaten ohne manuelle Eingaben.<\/p>\n<\/li>\n<\/ul>\n<h2>Zertifizierte Add-ons, Plugins und Erweiterungen f\u00fcr SAP Business One.<\/h2>\n<h4>Als offizieller SAP PartnerEdge Build Partner bieten wir spezialisierte Erweiterungen, Expertise und zuverl\u00e4ssigen Support.<\/h4>\n<p>                <img decoding=\"async\" src=\"https:\/\/connect-sap.de\/wp-content\/uploads\/2025\/02\/sap-partner-img-with-bg.jpg\" alt=\"\"><\/p>\n<h4>Sind Sie ein SAP-Partner?<\/h4>\n<p>Wir freuen uns, Sie in unser Partnerprogramm aufzunehmen und unterst\u00fctzen Sie gerne bei Ihrem Kundenprojekt.<\/p>\n<h4>Sind sie ein SAP-Nutzer?<\/h4>\n<p>Fragen Sie Ihren SAP-Partner nach unseren Add-ons, die schnell und einfach in Ihre SAP Business One Umgebung integriert werden k\u00f6nnen.<\/p>\n<\/section>\n<section>\n<p>Wie k\u00f6nnen wir helfen?<\/p>\n<p>                    <a href=\"javaScript:void(0)\" data-bs-toggle=\"modal\" data-bs-target=\"#request_demo_modal1\"> Demo-Link anfordern<\/a><br \/>\n                <a href=\"javaScript:void(0)\" data-bs-toggle=\"modal\" data-bs-target=\"#request_demo_modal2\"> Kostenlose Beratung buchen<\/a><br \/>\n                <a href=\"javaScript:void(0)\" data-bs-toggle=\"modal\" data-bs-target=\"#request_demo_modal3\"> SBO gratis testen<\/a><br \/>\n    <\/section>\n<section>\n<h2>SAP-zertifizierte L\u00f6sungen<\/h2>\n<p>Als offizieller SAP PartnerEdge Build Partner bieten wir spezialisierte Erweiterungen, Expertise und zuverl\u00e4ssigen Support.<\/p>\n<p>                   <img decoding=\"async\" src=\"https:\/\/connect-sap.de\/wp-content\/uploads\/2025\/02\/sap-partner-edge.png\"><br \/>\n    <\/section>\n<section>\n                        <img decoding=\"async\" src=\"https:\/\/connect-sap.de\/wp-content\/uploads\/2025\/02\/testimony-one.png\" alt=\"Zertifizierte L\u00f6sung\"><\/p>\n<h4>Unsere L\u00f6sungen auf SAP Certified Solutions Directory<\/h4>\n<p>                        <a href=\"https:\/\/www.sap.com\/dmc\/exp\/2013_09_adpd\/enEN\/#\/solutions?search=ingold\" target=\"_blank\">Jetzt ansehen<\/a><br \/>\n                        <img decoding=\"async\" src=\"https:\/\/connect-sap.de\/wp-content\/uploads\/2025\/02\/testimony-3.png\" alt=\"Zertifizierte L\u00f6sung\"><\/p>\n<h4>Unsere Add-ons im offiziellen SAP Store<\/h4>\n<p>                        <a href=\"#\">Store besuchen<\/a><br \/>\n    <\/section>\n","protected":false},"excerpt":{"rendered":"<p>EU FinanceSuite Add-on f\u00fcr SAP Business One Kostenlose Demo Validierung von USt-IdNrn Aktualisierung von Wechselkursen Verwaltung von SWIFT\/IBAN-Daten If\u00fcr SQL und HANA ab SBO Version 9.3 Implementierung direkt in SAP Business One, ohne den Einsatz von Middleware-Schnittstellen. Unsere Add-ons sind als Kaufoption (On-Premise) oder als Mietl\u00f6sung (Cloud) erh\u00e4ltlich \u2013 beide Optionen sind f\u00fcr jede SAP-Umgebung, [&hellip;]<\/p>\n","protected":false},"author":1,"featured_media":0,"parent":0,"menu_order":0,"comment_status":"closed","ping_status":"closed","template":"template-custom-theme.php","meta":{"inline_featured_image":false,"footnotes":""},"class_list":["post-507","page","type-page","status-publish","hentry"],"yoast_head":"<!-- This site is optimized with the Yoast SEO plugin v27.5 - https:\/\/yoast.com\/product\/yoast-seo-wordpress\/ -->\n<title>Eu Financesuite - sapaddons<\/title>\n<meta name=\"robots\" content=\"index, follow, max-snippet:-1, max-image-preview:large, max-video-preview:-1\" \/>\n<link rel=\"canonical\" href=\"https:\/\/connect-sap.de\/en\/eu-financesuite\/\" \/>\n<meta property=\"og:locale\" content=\"en_US\" \/>\n<meta property=\"og:type\" content=\"article\" \/>\n<meta property=\"og:title\" content=\"Eu Financesuite - sapaddons\" \/>\n<meta property=\"og:description\" content=\"EU FinanceSuite Add-on f\u00fcr SAP Business One Kostenlose Demo Validierung von USt-IdNrn Aktualisierung von Wechselkursen Verwaltung von SWIFT\/IBAN-Daten If\u00fcr SQL und HANA ab SBO Version 9.3 Implementierung direkt in SAP Business One, ohne den Einsatz von Middleware-Schnittstellen. Unsere Add-ons sind als Kaufoption (On-Premise) oder als Mietl\u00f6sung (Cloud) erh\u00e4ltlich \u2013 beide Optionen sind f\u00fcr jede SAP-Umgebung, [&hellip;]\" \/>\n<meta property=\"og:url\" content=\"https:\/\/connect-sap.de\/en\/eu-financesuite\/\" \/>\n<meta property=\"og:site_name\" content=\"sapaddons\" \/>\n<meta property=\"article:modified_time\" content=\"2026-04-25T13:19:53+00:00\" \/>\n<meta property=\"og:image\" content=\"https:\/\/connect-sap.de\/wp-content\/uploads\/2025\/02\/finance-icon-1.png\" \/>\n<meta name=\"twitter:card\" content=\"summary_large_image\" \/>\n<meta name=\"twitter:label1\" content=\"Est. reading time\" \/>\n\t<meta name=\"twitter:data1\" content=\"5 minutes\" \/>\n<script type=\"application\/ld+json\" class=\"yoast-schema-graph\">{\"@context\":\"https:\\\/\\\/schema.org\",\"@graph\":[{\"@type\":\"WebPage\",\"@id\":\"https:\\\/\\\/connect-sap.de\\\/en\\\/eu-financesuite\\\/\",\"url\":\"https:\\\/\\\/connect-sap.de\\\/en\\\/eu-financesuite\\\/\",\"name\":\"Eu Financesuite - sapaddons\",\"isPartOf\":{\"@id\":\"https:\\\/\\\/connect-sap.de\\\/en\\\/#website\"},\"primaryImageOfPage\":{\"@id\":\"https:\\\/\\\/connect-sap.de\\\/en\\\/eu-financesuite\\\/#primaryimage\"},\"image\":{\"@id\":\"https:\\\/\\\/connect-sap.de\\\/en\\\/eu-financesuite\\\/#primaryimage\"},\"thumbnailUrl\":\"https:\\\/\\\/connect-sap.de\\\/wp-content\\\/uploads\\\/2025\\\/02\\\/finance-icon-1.png\",\"datePublished\":\"2025-02-11T14:04:48+00:00\",\"dateModified\":\"2026-04-25T13:19:53+00:00\",\"breadcrumb\":{\"@id\":\"https:\\\/\\\/connect-sap.de\\\/en\\\/eu-financesuite\\\/#breadcrumb\"},\"inLanguage\":\"en-US\",\"potentialAction\":[{\"@type\":\"ReadAction\",\"target\":[\"https:\\\/\\\/connect-sap.de\\\/en\\\/eu-financesuite\\\/\"]}]},{\"@type\":\"ImageObject\",\"inLanguage\":\"en-US\",\"@id\":\"https:\\\/\\\/connect-sap.de\\\/en\\\/eu-financesuite\\\/#primaryimage\",\"url\":\"https:\\\/\\\/connect-sap.de\\\/wp-content\\\/uploads\\\/2025\\\/02\\\/finance-icon-1.png\",\"contentUrl\":\"https:\\\/\\\/connect-sap.de\\\/wp-content\\\/uploads\\\/2025\\\/02\\\/finance-icon-1.png\"},{\"@type\":\"BreadcrumbList\",\"@id\":\"https:\\\/\\\/connect-sap.de\\\/en\\\/eu-financesuite\\\/#breadcrumb\",\"itemListElement\":[{\"@type\":\"ListItem\",\"position\":1,\"name\":\"Startseite\",\"item\":\"https:\\\/\\\/connect-sap.de\\\/en\\\/home\\\/\"},{\"@type\":\"ListItem\",\"position\":2,\"name\":\"Eu Financesuite\"}]},{\"@type\":\"WebSite\",\"@id\":\"https:\\\/\\\/connect-sap.de\\\/en\\\/#website\",\"url\":\"https:\\\/\\\/connect-sap.de\\\/en\\\/\",\"name\":\"sapaddons\",\"description\":\"\",\"potentialAction\":[{\"@type\":\"SearchAction\",\"target\":{\"@type\":\"EntryPoint\",\"urlTemplate\":\"https:\\\/\\\/connect-sap.de\\\/en\\\/?s={search_term_string}\"},\"query-input\":{\"@type\":\"PropertyValueSpecification\",\"valueRequired\":true,\"valueName\":\"search_term_string\"}}],\"inLanguage\":\"en-US\"}]}<\/script>\n<!-- \/ Yoast SEO plugin. -->","yoast_head_json":{"title":"Eu Financesuite - sapaddons","robots":{"index":"index","follow":"follow","max-snippet":"max-snippet:-1","max-image-preview":"max-image-preview:large","max-video-preview":"max-video-preview:-1"},"canonical":"https:\/\/connect-sap.de\/en\/eu-financesuite\/","og_locale":"en_US","og_type":"article","og_title":"Eu Financesuite - sapaddons","og_description":"EU FinanceSuite Add-on f\u00fcr SAP Business One Kostenlose Demo Validierung von USt-IdNrn Aktualisierung von Wechselkursen Verwaltung von SWIFT\/IBAN-Daten If\u00fcr SQL und HANA ab SBO Version 9.3 Implementierung direkt in SAP Business One, ohne den Einsatz von Middleware-Schnittstellen. Unsere Add-ons sind als Kaufoption (On-Premise) oder als Mietl\u00f6sung (Cloud) erh\u00e4ltlich \u2013 beide Optionen sind f\u00fcr jede SAP-Umgebung, [&hellip;]","og_url":"https:\/\/connect-sap.de\/en\/eu-financesuite\/","og_site_name":"sapaddons","article_modified_time":"2026-04-25T13:19:53+00:00","og_image":[{"url":"https:\/\/connect-sap.de\/wp-content\/uploads\/2025\/02\/finance-icon-1.png","type":"","width":"","height":""}],"twitter_card":"summary_large_image","twitter_misc":{"Est. reading time":"5 minutes"},"schema":{"@context":"https:\/\/schema.org","@graph":[{"@type":"WebPage","@id":"https:\/\/connect-sap.de\/en\/eu-financesuite\/","url":"https:\/\/connect-sap.de\/en\/eu-financesuite\/","name":"Eu Financesuite - sapaddons","isPartOf":{"@id":"https:\/\/connect-sap.de\/en\/#website"},"primaryImageOfPage":{"@id":"https:\/\/connect-sap.de\/en\/eu-financesuite\/#primaryimage"},"image":{"@id":"https:\/\/connect-sap.de\/en\/eu-financesuite\/#primaryimage"},"thumbnailUrl":"https:\/\/connect-sap.de\/wp-content\/uploads\/2025\/02\/finance-icon-1.png","datePublished":"2025-02-11T14:04:48+00:00","dateModified":"2026-04-25T13:19:53+00:00","breadcrumb":{"@id":"https:\/\/connect-sap.de\/en\/eu-financesuite\/#breadcrumb"},"inLanguage":"en-US","potentialAction":[{"@type":"ReadAction","target":["https:\/\/connect-sap.de\/en\/eu-financesuite\/"]}]},{"@type":"ImageObject","inLanguage":"en-US","@id":"https:\/\/connect-sap.de\/en\/eu-financesuite\/#primaryimage","url":"https:\/\/connect-sap.de\/wp-content\/uploads\/2025\/02\/finance-icon-1.png","contentUrl":"https:\/\/connect-sap.de\/wp-content\/uploads\/2025\/02\/finance-icon-1.png"},{"@type":"BreadcrumbList","@id":"https:\/\/connect-sap.de\/en\/eu-financesuite\/#breadcrumb","itemListElement":[{"@type":"ListItem","position":1,"name":"Startseite","item":"https:\/\/connect-sap.de\/en\/home\/"},{"@type":"ListItem","position":2,"name":"Eu Financesuite"}]},{"@type":"WebSite","@id":"https:\/\/connect-sap.de\/en\/#website","url":"https:\/\/connect-sap.de\/en\/","name":"sapaddons","description":"","potentialAction":[{"@type":"SearchAction","target":{"@type":"EntryPoint","urlTemplate":"https:\/\/connect-sap.de\/en\/?s={search_term_string}"},"query-input":{"@type":"PropertyValueSpecification","valueRequired":true,"valueName":"search_term_string"}}],"inLanguage":"en-US"}]}},"_links":{"self":[{"href":"https:\/\/connect-sap.de\/en\/wp-json\/wp\/v2\/pages\/507","targetHints":{"allow":["GET"]}}],"collection":[{"href":"https:\/\/connect-sap.de\/en\/wp-json\/wp\/v2\/pages"}],"about":[{"href":"https:\/\/connect-sap.de\/en\/wp-json\/wp\/v2\/types\/page"}],"author":[{"embeddable":true,"href":"https:\/\/connect-sap.de\/en\/wp-json\/wp\/v2\/users\/1"}],"replies":[{"embeddable":true,"href":"https:\/\/connect-sap.de\/en\/wp-json\/wp\/v2\/comments?post=507"}],"version-history":[{"count":7,"href":"https:\/\/connect-sap.de\/en\/wp-json\/wp\/v2\/pages\/507\/revisions"}],"predecessor-version":[{"id":1101,"href":"https:\/\/connect-sap.de\/en\/wp-json\/wp\/v2\/pages\/507\/revisions\/1101"}],"wp:attachment":[{"href":"https:\/\/connect-sap.de\/en\/wp-json\/wp\/v2\/media?parent=507"}],"curies":[{"name":"wp","href":"https:\/\/api.w.org\/{rel}","templated":true}]}}